{"id":2009,"date":"2017-02-01T09:11:19","date_gmt":"2017-02-01T09:11:19","guid":{"rendered":"http:\/\/astir.com.gr\/?page_id=2009"},"modified":"2019-01-20T05:06:50","modified_gmt":"2019-01-20T05:06:50","slug":"company","status":"publish","type":"page","link":"https:\/\/astir.com.gr\/fr\/company\/","title":{"rendered":"L\u2019ENTREPRISE"},"content":{"rendered":"<div class=\"wpb-content-wrapper\"><p>[vc_row][vc_column][vc_column_text]<\/p>\n<p class=\"qtranxs-available-languages-message qtranxs-available-languages-message-fr\">D\u00e9sol\u00e9, cet article est seulement disponible en <a href=\"https:\/\/astir.com.gr\/en\/company\/?vc_editable=true&#038;vc_post_id=2009&#038;_vcnonce=c0e7e34c00\" class=\"qtranxs-available-language-link qtranxs-available-language-link-en\" title=\"EN\">Anglais Am\u00e9ricain<\/a>, <a href=\"https:\/\/astir.com.gr\/el\/company\/?vc_editable=true&#038;vc_post_id=2009&#038;_vcnonce=c0e7e34c00\" class=\"qtranxs-available-language-link qtranxs-available-language-link-el\" title=\"GR\">Grec<\/a> et <a href=\"https:\/\/astir.com.gr\/de\/company\/?vc_editable=true&#038;vc_post_id=2009&#038;_vcnonce=c0e7e34c00\" class=\"qtranxs-available-language-link qtranxs-available-language-link-de\" title=\"DE\">Allemand<\/a>. Pour le confort de l\u2019utilisateur, le contenu est affich\u00e9 ci-dessous dans la langue par d\u00e9faut du site. Vous pouvez cliquer l\u2019un des liens pour changer la langue du site en une autre langue disponible.<\/p>\n<p>[\/vc_column_text][\/vc_column][\/vc_row][vc_row][vc_column][vc_tour interval=\u00a0\u00bb0&Prime; title=\u00a0\u00bbCOMPANY\u00a0\u00bb el_class=\u00a0\u00bbadmin-tabss\u00a0\u00bb][vc_tab title=\u00a0\u00bbHISTORY\u00a0\u00bb tab_id=\u00a0\u00bb3b5919ff-083b-5&Prime;][vc_column_text el_class=\u00a0\u00bbhistroy-txt-block\u00a0\u00bb]ASTIR a \u00e9t\u00e9 cr\u00e9\u00e9 en 1933 en tant que petit atelier d&rsquo;artisanat.<\/p>\n<p>En 1954, Constantinos et Louis Constantinidis, fils du fondateur Andreas Constantinidis, ont commenc\u00e9 la construction de nouvelles installations sur Tsakalof st. Tavros \u00e0 Ath\u00e8nes, o\u00f9 l&rsquo;usine est encore situ\u00e9e aujourd&rsquo;hui.<\/p>\n<p>En 1956, l&rsquo;entreprise a d\u00e9m\u00e9nag\u00e9 dans les nouvelles installations et la nouvelle \u00e8re d&rsquo;ASTIR a commenc\u00e9.<\/p>\n<p>En 1993, la troisi\u00e8me g\u00e9n\u00e9ration de propri\u00e9taires, Anastasios Constantinidis et Panagiotis Aslanidis, a poursuivi l\u2019expansion des locaux de l&rsquo;usine et a doubl\u00e9 sa surface en reliant l&rsquo;ancien b\u00e2timent \u00e0 un b\u00e2timent voisin. Les nouvelles installations offraient suffisamment d&rsquo;espace de stockage interne et plus d&rsquo;espace pour la croissance de la production.<\/p>\n<p>En 2003, la forme juridique d&rsquo;ASTIR est pass\u00e9e du priv\u00e9 au public.<\/p>\n<p>L&rsquo;entreprise est toujours familiale, mais pense, grandit et \u00e9volue en tant qu&rsquo;entreprise multinationale.[\/vc_column_text][vc_row_inner el_class=\u00a0\u00bbhi-imges\u00a0\u00bb][vc_column_inner width=\u00a0\u00bb1\/3&Prime;]<style type=\"text\/css\" data-type=\"the7_shortcodes-inline-css\">.shortcode-single-image-wrap.shortcode-single-image-623fc78f94e68995ce7733a050bf46a0.enable-bg-rollover .rollover i,\n.shortcode-single-image-wrap.shortcode-single-image-623fc78f94e68995ce7733a050bf46a0.enable-bg-rollover .rollover-video i {\n  background: -webkit-linear-gradient();\n  background: linear-gradient();\n}\n.shortcode-single-image-wrap.shortcode-single-image-623fc78f94e68995ce7733a050bf46a0 .rollover-icon {\n  font-size: 32px;\n  color: #ffffff;\n  min-width: 44px;\n  min-height: 44px;\n  line-height: 44px;\n  border-radius: 100px;\n  border-style: solid;\n  border-width: 0px;\n}\n.dt-icon-bg-on.shortcode-single-image-wrap.shortcode-single-image-623fc78f94e68995ce7733a050bf46a0 .rollover-icon {\n  background: rgba(255,255,255,0.3);\n  box-shadow: none;\n}<\/style><div class=\"shortcode-single-image-wrap shortcode-single-image-623fc78f94e68995ce7733a050bf46a0 alignnone  vc_custom_1489054074333 enable-bg-rollover dt-icon-bg-off\" ><div class=\"shortcode-single-image histroy_img\"><div class=\"fancy-media-wrap\" style=\"\"><a class=\"layzr-bg rollover rollover-zoom dt-pswp-item pswp-image\" href=\"https:\/\/astir.com.gr\/wp-content\/uploads\/2017\/02\/Photo-01.jpg\" title=\"Photo 01\" data-dt-img-description=\"\" data-large_image_width=\"2783\" data-large_image_height = \"2151\"  style=\"\"><img fetchpriority=\"high\" decoding=\"async\" class=\"preload-me lazy-load aspect\" src=\"data:image\/svg+xml,%3Csvg%20xmlns%3D&#39;http%3A%2F%2Fwww.w3.org%2F2000%2Fsvg&#39;%20viewBox%3D&#39;0%200%20800%20618&#39;%2F%3E\" data-src=\"https:\/\/astir.com.gr\/wp-content\/uploads\/2017\/02\/Photo-01-800x618.jpg\" data-srcset=\"https:\/\/astir.com.gr\/wp-content\/uploads\/2017\/02\/Photo-01-800x618.jpg 800w, https:\/\/astir.com.gr\/wp-content\/uploads\/2017\/02\/Photo-01-1600x1236.jpg 1600w\" loading=\"eager\" style=\"--ratio: 800 \/ 618\" sizes=\"(max-width: 800px) 100vw, 800px\" width=\"800\" height=\"618\"  data-dt-location=\"https:\/\/astir.com.gr\/fr\/company\/photo-01\/\" alt=\"\" \/><\/a><\/div><\/div><\/div>[\/vc_column_inner][vc_column_inner width=\u00a0\u00bb1\/3&Prime;]<style type=\"text\/css\" data-type=\"the7_shortcodes-inline-css\">.shortcode-single-image-wrap.shortcode-single-image-bfe54281b56b9784d4d252cca0ce0648.enable-bg-rollover .rollover i,\n.shortcode-single-image-wrap.shortcode-single-image-bfe54281b56b9784d4d252cca0ce0648.enable-bg-rollover .rollover-video i {\n  background: -webkit-linear-gradient();\n  background: linear-gradient();\n}\n.shortcode-single-image-wrap.shortcode-single-image-bfe54281b56b9784d4d252cca0ce0648 .rollover-icon {\n  font-size: 32px;\n  color: #ffffff;\n  min-width: 44px;\n  min-height: 44px;\n  line-height: 44px;\n  border-radius: 100px;\n  border-style: solid;\n  border-width: 0px;\n}\n.dt-icon-bg-on.shortcode-single-image-wrap.shortcode-single-image-bfe54281b56b9784d4d252cca0ce0648 .rollover-icon {\n  background: rgba(255,255,255,0.3);\n  box-shadow: none;\n}<\/style><div class=\"shortcode-single-image-wrap shortcode-single-image-bfe54281b56b9784d4d252cca0ce0648 alignnone  enable-bg-rollover dt-icon-bg-off\" style=\"margin-top:0px; margin-bottom:0px; margin-left:0px; margin-right:0px; width:800px;\"><div class=\"shortcode-single-image histroy_img-2\"><div class=\"fancy-media-wrap\" style=\"\"><a class=\"layzr-bg rollover rollover-zoom dt-pswp-item pswp-image\" href=\"https:\/\/astir.com.gr\/wp-content\/uploads\/2017\/02\/Photo-02.jpg\" title=\"Photo 02\" data-dt-img-description=\"\" data-large_image_width=\"2822\" data-large_image_height = \"2158\"  style=\"\"><img decoding=\"async\" class=\"preload-me lazy-load aspect\" src=\"data:image\/svg+xml,%3Csvg%20xmlns%3D&#39;http%3A%2F%2Fwww.w3.org%2F2000%2Fsvg&#39;%20viewBox%3D&#39;0%200%20800%20611&#39;%2F%3E\" data-src=\"https:\/\/astir.com.gr\/wp-content\/uploads\/2017\/02\/Photo-02-800x611.jpg\" data-srcset=\"https:\/\/astir.com.gr\/wp-content\/uploads\/2017\/02\/Photo-02-800x611.jpg 800w, https:\/\/astir.com.gr\/wp-content\/uploads\/2017\/02\/Photo-02-1600x1222.jpg 1600w\" loading=\"eager\" style=\"--ratio: 800 \/ 611\" sizes=\"(max-width: 800px) 100vw, 800px\" width=\"800\" height=\"611\"  data-dt-location=\"https:\/\/astir.com.gr\/fr\/company\/photo-02\/\" alt=\"\" \/><\/a><\/div><\/div><\/div>[\/vc_column_inner][vc_column_inner width=\u00a0\u00bb1\/3&Prime;]<style type=\"text\/css\" data-type=\"the7_shortcodes-inline-css\">.shortcode-single-image-wrap.shortcode-single-image-91436aa958cf02cc59da5dc48d737b68.enable-bg-rollover .rollover i,\n.shortcode-single-image-wrap.shortcode-single-image-91436aa958cf02cc59da5dc48d737b68.enable-bg-rollover .rollover-video i {\n  background: -webkit-linear-gradient();\n  background: linear-gradient();\n}\n.shortcode-single-image-wrap.shortcode-single-image-91436aa958cf02cc59da5dc48d737b68 .rollover-icon {\n  font-size: 32px;\n  color: #ffffff;\n  min-width: 44px;\n  min-height: 44px;\n  line-height: 44px;\n  border-radius: 100px;\n  border-style: solid;\n  border-width: 0px;\n}\n.dt-icon-bg-on.shortcode-single-image-wrap.shortcode-single-image-91436aa958cf02cc59da5dc48d737b68 .rollover-icon {\n  background: rgba(255,255,255,0.3);\n  box-shadow: none;\n}<\/style><div class=\"shortcode-single-image-wrap shortcode-single-image-91436aa958cf02cc59da5dc48d737b68 alignnone  enable-bg-rollover dt-icon-bg-off\" style=\"margin-top:0px; margin-bottom:0px; margin-left:0px; margin-right:0px; width:800px;\"><div class=\"shortcode-single-image histroy_img-2\"><div class=\"fancy-media-wrap\" style=\"\"><a class=\"layzr-bg rollover rollover-zoom dt-pswp-item pswp-image\" href=\"https:\/\/astir.com.gr\/wp-content\/uploads\/2017\/02\/Photo-03.jpg\" title=\"Photo 03\" data-dt-img-description=\"\" data-large_image_width=\"3426\" data-large_image_height = \"2550\"  style=\"\"><img decoding=\"async\" class=\"preload-me lazy-load aspect\" src=\"data:image\/svg+xml,%3Csvg%20xmlns%3D&#39;http%3A%2F%2Fwww.w3.org%2F2000%2Fsvg&#39;%20viewBox%3D&#39;0%200%20800%20595&#39;%2F%3E\" data-src=\"https:\/\/astir.com.gr\/wp-content\/uploads\/2017\/02\/Photo-03-800x595.jpg\" data-srcset=\"https:\/\/astir.com.gr\/wp-content\/uploads\/2017\/02\/Photo-03-800x595.jpg 800w, https:\/\/astir.com.gr\/wp-content\/uploads\/2017\/02\/Photo-03-1600x1190.jpg 1600w\" loading=\"eager\" style=\"--ratio: 800 \/ 595\" sizes=\"(max-width: 800px) 100vw, 800px\" width=\"800\" height=\"595\"  data-dt-location=\"https:\/\/astir.com.gr\/fr\/company\/photo-03\/\" alt=\"\" \/><\/a><\/div><\/div><\/div>[\/vc_column_inner][\/vc_row_inner][\/vc_tab][vc_tab title=\u00a0\u00bbPRODUCTS AND QUALITY\u00a0\u00bb tab_id=\u00a0\u00bb1486020002672-2-4&Prime;][vc_column_text]<\/p>\n<p>ASTIR chocolate manufacturing plant is a modern unit that combines technologically advanced machinery with traditional recipes and classic production procedures. Classic products are being produced with the same method they were produced when they were first introduced in the Greek market some decades ago. But on the same plant new modern and original products and production procedures are being developed.<\/p>\n<p>Two major practices are employed to assure the high quality of ASTIR\u0092s products.<\/p>\n<p>An 8 stage quality control process which includes weight and taste control, foreign object and metal detection and wrapping, packing and labeling control is applied on all products.<\/p>\n<p>A careful selection of raw materials (and suppliers). For example ASTIR uses only GMO free Soya Lecithin and all the different types of milk that are being used are from large European factories with valid quality certificates (free of mad cow disease or any other syndrome).<\/p>\n<p>Finally, it is important to state that ASTIR produces chocolate from the beginning, from the processing of cocoa beans and not from outsourced cocoamass. This way ASTIR has complete control over the quality of the chocolate produced and can assure the standard and high quality of all its products.<\/p>\n<p>* Market Research made by AC NIELSEN for Easter 2003.<br \/>\n[\/vc_column_text][vc_row_inner el_class=\u00a0\u00bbhi-imges\u00a0\u00bb][vc_column_inner width=\u00a0\u00bb1\/3&Prime;]<style type=\"text\/css\" data-type=\"the7_shortcodes-inline-css\">.shortcode-single-image-wrap.shortcode-single-image-623fc78f94e68995ce7733a050bf46a0.enable-bg-rollover .rollover i,\n.shortcode-single-image-wrap.shortcode-single-image-623fc78f94e68995ce7733a050bf46a0.enable-bg-rollover .rollover-video i {\n  background: -webkit-linear-gradient();\n  background: linear-gradient();\n}\n.shortcode-single-image-wrap.shortcode-single-image-623fc78f94e68995ce7733a050bf46a0 .rollover-icon {\n  font-size: 32px;\n  color: #ffffff;\n  min-width: 44px;\n  min-height: 44px;\n  line-height: 44px;\n  border-radius: 100px;\n  border-style: solid;\n  border-width: 0px;\n}\n.dt-icon-bg-on.shortcode-single-image-wrap.shortcode-single-image-623fc78f94e68995ce7733a050bf46a0 .rollover-icon {\n  background: rgba(255,255,255,0.3);\n  box-shadow: none;\n}<\/style><div class=\"shortcode-single-image-wrap shortcode-single-image-623fc78f94e68995ce7733a050bf46a0 alignnone  vc_custom_1489054074333 enable-bg-rollover dt-icon-bg-off\" ><div class=\"shortcode-single-image histroy_img\"><div class=\"fancy-media-wrap\" style=\"\"><a class=\"layzr-bg rollover rollover-zoom dt-pswp-item pswp-image\" href=\"https:\/\/astir.com.gr\/wp-content\/uploads\/2017\/02\/Photo-01.jpg\" title=\"Photo 01\" data-dt-img-description=\"\" data-large_image_width=\"2783\" data-large_image_height = \"2151\"  style=\"\"><img fetchpriority=\"high\" decoding=\"async\" class=\"preload-me lazy-load aspect\" src=\"data:image\/svg+xml,%3Csvg%20xmlns%3D&#39;http%3A%2F%2Fwww.w3.org%2F2000%2Fsvg&#39;%20viewBox%3D&#39;0%200%20800%20618&#39;%2F%3E\" data-src=\"https:\/\/astir.com.gr\/wp-content\/uploads\/2017\/02\/Photo-01-800x618.jpg\" data-srcset=\"https:\/\/astir.com.gr\/wp-content\/uploads\/2017\/02\/Photo-01-800x618.jpg 800w, https:\/\/astir.com.gr\/wp-content\/uploads\/2017\/02\/Photo-01-1600x1236.jpg 1600w\" loading=\"eager\" style=\"--ratio: 800 \/ 618\" sizes=\"(max-width: 800px) 100vw, 800px\" width=\"800\" height=\"618\"  data-dt-location=\"https:\/\/astir.com.gr\/fr\/company\/photo-01\/\" alt=\"\" \/><\/a><\/div><\/div><\/div>[\/vc_column_inner][vc_column_inner width=\u00a0\u00bb1\/3&Prime;]<style type=\"text\/css\" data-type=\"the7_shortcodes-inline-css\">.shortcode-single-image-wrap.shortcode-single-image-bfe54281b56b9784d4d252cca0ce0648.enable-bg-rollover .rollover i,\n.shortcode-single-image-wrap.shortcode-single-image-bfe54281b56b9784d4d252cca0ce0648.enable-bg-rollover .rollover-video i {\n  background: -webkit-linear-gradient();\n  background: linear-gradient();\n}\n.shortcode-single-image-wrap.shortcode-single-image-bfe54281b56b9784d4d252cca0ce0648 .rollover-icon {\n  font-size: 32px;\n  color: #ffffff;\n  min-width: 44px;\n  min-height: 44px;\n  line-height: 44px;\n  border-radius: 100px;\n  border-style: solid;\n  border-width: 0px;\n}\n.dt-icon-bg-on.shortcode-single-image-wrap.shortcode-single-image-bfe54281b56b9784d4d252cca0ce0648 .rollover-icon {\n  background: rgba(255,255,255,0.3);\n  box-shadow: none;\n}<\/style><div class=\"shortcode-single-image-wrap shortcode-single-image-bfe54281b56b9784d4d252cca0ce0648 alignnone  enable-bg-rollover dt-icon-bg-off\" style=\"margin-top:0px; margin-bottom:0px; margin-left:0px; margin-right:0px; width:800px;\"><div class=\"shortcode-single-image histroy_img-2\"><div class=\"fancy-media-wrap\" style=\"\"><a class=\"layzr-bg rollover rollover-zoom dt-pswp-item pswp-image\" href=\"https:\/\/astir.com.gr\/wp-content\/uploads\/2017\/02\/Photo-02.jpg\" title=\"Photo 02\" data-dt-img-description=\"\" data-large_image_width=\"2822\" data-large_image_height = \"2158\"  style=\"\"><img decoding=\"async\" class=\"preload-me lazy-load aspect\" src=\"data:image\/svg+xml,%3Csvg%20xmlns%3D&#39;http%3A%2F%2Fwww.w3.org%2F2000%2Fsvg&#39;%20viewBox%3D&#39;0%200%20800%20611&#39;%2F%3E\" data-src=\"https:\/\/astir.com.gr\/wp-content\/uploads\/2017\/02\/Photo-02-800x611.jpg\" data-srcset=\"https:\/\/astir.com.gr\/wp-content\/uploads\/2017\/02\/Photo-02-800x611.jpg 800w, https:\/\/astir.com.gr\/wp-content\/uploads\/2017\/02\/Photo-02-1600x1222.jpg 1600w\" loading=\"eager\" style=\"--ratio: 800 \/ 611\" sizes=\"(max-width: 800px) 100vw, 800px\" width=\"800\" height=\"611\"  data-dt-location=\"https:\/\/astir.com.gr\/fr\/company\/photo-02\/\" alt=\"\" \/><\/a><\/div><\/div><\/div>[\/vc_column_inner][vc_column_inner width=\u00a0\u00bb1\/3&Prime;]<style type=\"text\/css\" data-type=\"the7_shortcodes-inline-css\">.shortcode-single-image-wrap.shortcode-single-image-91436aa958cf02cc59da5dc48d737b68.enable-bg-rollover .rollover i,\n.shortcode-single-image-wrap.shortcode-single-image-91436aa958cf02cc59da5dc48d737b68.enable-bg-rollover .rollover-video i {\n  background: -webkit-linear-gradient();\n  background: linear-gradient();\n}\n.shortcode-single-image-wrap.shortcode-single-image-91436aa958cf02cc59da5dc48d737b68 .rollover-icon {\n  font-size: 32px;\n  color: #ffffff;\n  min-width: 44px;\n  min-height: 44px;\n  line-height: 44px;\n  border-radius: 100px;\n  border-style: solid;\n  border-width: 0px;\n}\n.dt-icon-bg-on.shortcode-single-image-wrap.shortcode-single-image-91436aa958cf02cc59da5dc48d737b68 .rollover-icon {\n  background: rgba(255,255,255,0.3);\n  box-shadow: none;\n}<\/style><div class=\"shortcode-single-image-wrap shortcode-single-image-91436aa958cf02cc59da5dc48d737b68 alignnone  enable-bg-rollover dt-icon-bg-off\" style=\"margin-top:0px; margin-bottom:0px; margin-left:0px; margin-right:0px; width:800px;\"><div class=\"shortcode-single-image histroy_img-2\"><div class=\"fancy-media-wrap\" style=\"\"><a class=\"layzr-bg rollover rollover-zoom dt-pswp-item pswp-image\" href=\"https:\/\/astir.com.gr\/wp-content\/uploads\/2017\/02\/Photo-03.jpg\" title=\"Photo 03\" data-dt-img-description=\"\" data-large_image_width=\"3426\" data-large_image_height = \"2550\"  style=\"\"><img decoding=\"async\" class=\"preload-me lazy-load aspect\" src=\"data:image\/svg+xml,%3Csvg%20xmlns%3D&#39;http%3A%2F%2Fwww.w3.org%2F2000%2Fsvg&#39;%20viewBox%3D&#39;0%200%20800%20595&#39;%2F%3E\" data-src=\"https:\/\/astir.com.gr\/wp-content\/uploads\/2017\/02\/Photo-03-800x595.jpg\" data-srcset=\"https:\/\/astir.com.gr\/wp-content\/uploads\/2017\/02\/Photo-03-800x595.jpg 800w, https:\/\/astir.com.gr\/wp-content\/uploads\/2017\/02\/Photo-03-1600x1190.jpg 1600w\" loading=\"eager\" style=\"--ratio: 800 \/ 595\" sizes=\"(max-width: 800px) 100vw, 800px\" width=\"800\" height=\"595\"  data-dt-location=\"https:\/\/astir.com.gr\/fr\/company\/photo-03\/\" alt=\"\" \/><\/a><\/div><\/div><\/div>[\/vc_column_inner][\/vc_row_inner][\/vc_tab][vc_tab title=\u00a0\u00bbADMINISTRATION\u00a0\u00bb tab_id=\u00a0\u00bb1486024242852-3-8&Prime;][vc_raw_html]JTIwJTIwJTIwJTIwJTNDZGl2JTIwY2xhc3MlM0QlMjJsaXN0LXJpZ2h0LXdycCUyMiUzRSUyMCUyMCUyMCUyMCUyMCUyMCUyMCUyMCUyMCUyMCUyMCUwQSUyMCUyMCUyMCUyMCUyMCUyMCUyMCUyMCUyMCUyMCUyMCUyMCUzQ2RpdiUyMGNsYXNzJTNEJTIydmNfY29sLW1kLTEyJTIwbm9fcGQlMjIlM0UlMEElMjAlMjAlMjAlMjAlMjAlMjAlMjAlMjAlMjAlMjAlMjAlMjAlMjAlMjAlMjAlMjAlM0NkaXYlMjBjbGFzcyUzRCUyMmFkbWluLWZybSUyMiUzRSUwQSUyMCUyMCUyMCUyMCUyMCUyMCUyMCUyMCUyMCUyMCUyMCUyMCUyMCUyMCUyMCUyMCUyMCUyMCUyMCUyMCUzQ2RpdiUyMGNsYXNzJTNEJTIyYWRtaW4tZnJtLXdycCUyMiUzRSUwQSUyMCUyMCUyMCUyMCUyMCUyMCUyMCUyMCUyMCUyMCUyMCUyMCUyMCUyMCUyMCUyMCUyMCUyMCUyMCUyMCUyMCUyMCUyMCUyMCUzQ3NwYW4lMjBjbGFzcyUzRCUyMmFkbWluLWZybS1ubWUlMjIlM0VQcmVzaWRlbnQlM0ElM0MlMkZzcGFuJTNFJTIwJTIwJTBBJTIwJTIwJTIwJTIwJTIwJTIwJTIwJTIwJTIwJTIwJTIwJTIwJTIwJTIwJTIwJTIwJTIwJTIwJTIwJTIwJTIwJTIwJTIwJTIwJTNDc3BhbiUyMGNsYXNzJTNEJTIyYWRtaW4tZnJtLWlucHV0JTIyJTNFUEFOQUdJT1RJUyUyMEFTTEFOSURJUyUzQyUyRnNwYW4lM0UlMEElMjAlMjAlMjAlMjAlMjAlMjAlMjAlMjAlMjAlMjAlMjAlMjAlMjAlMjAlMjAlMjAlMjAlMjAlMjAlMjAlM0MlMkZkaXYlM0UlMEElMjAlMjAlMjAlMjAlMjAlMjAlMjAlMjAlMjAlMjAlMjAlMjAlMjAlMjAlMjAlMjAlMjAlMjAlMjAlMjAlM0NkaXYlMjBjbGFzcyUzRCUyMmFkbWluLWZybS13cnAlMjIlM0UlMEElMjAlMjAlMjAlMjAlMjAlMjAlMjAlMjAlMjAlMjAlMjAlMjAlMjAlMjAlMjAlMjAlMjAlMjAlMjAlMjAlMjAlMjAlMjAlMjAlM0NzcGFuJTIwY2xhc3MlM0QlMjJhZG1pbi1mcm0tbm1lJTIyJTNFTWFuYWdpbmclMjBEaXJlY3RvciUzQSUzQyUyRnNwYW4lM0UlMEElMjAlMjAlMjAlMjAlMjAlMjAlMjAlMjAlMjAlMjAlMjAlMjAlMjAlMjAlMjAlMjAlMjAlMjAlMjAlMjAlMjAlMjAlMjAlMjAlM0NzcGFuJTIwY2xhc3MlM0QlMjJhZG1pbi1mcm0taW5wdXQlMjIlM0VBTkFTVEFTU0lPUyUyMENPTlNUQU5USU5JRElTJTNDJTJGc3BhbiUzRSUwQSUyMCUyMCUyMCUyMCUyMCUyMCUyMCUyMCUyMCUyMCUyMCUyMCUyMCUyMCUyMCUyMCUyMCUyMCUyMCUyMCUzQyUyRmRpdiUzRSUwQSUyMCUyMCUyMCUyMCUyMCUyMCUyMCUyMCUyMCUyMCUyMCUyMCUyMCUyMCUyMCUyMCUyMCUyMCUyMCUyMCUzQ2RpdiUyMGNsYXNzJTNEJTIyYWRtaW4tZnJtLXdycCUyMiUzRSUwQSUyMCUyMCUyMCUyMCUyMCUyMCUyMCUyMCUyMCUyMCUyMCUyMCUyMCUyMCUyMCUyMCUyMCUyMCUyMCUyMCUyMCUyMCUyMCUyMCUzQ3NwYW4lMjBjbGFzcyUzRCUyMmFkbWluLWZybS1ubWUlMjIlM0VQcm9kdWN0aW9uJTIwTWFuYWdlciUzQSUzQyUyRnNwYW4lM0UlMEElMjAlMjAlMjAlMjAlMjAlMjAlMjAlMjAlMjAlMjAlMjAlMjAlMjAlMjAlMjAlMjAlMjAlMjAlMjAlMjAlMjAlMjAlMjAlMjAlM0NzcGFuJTIwY2xhc3MlM0QlMjJhZG1pbi1mcm0taW5wdXQlMjIlM0VZSUFOTklTJTIwUEFOQVlJT1RBS0lTJTNDJTJGc3BhbiUzRSUwQSUyMCUyMCUyMCUyMCUyMCUyMCUyMCUyMCUyMCUyMCUyMCUyMCUyMCUyMCUyMCUyMCUyMCUyMCUyMCUyMCUzQyUyRmRpdiUzRSUwQSUyMCUyMCUyMCUyMCUyMCUyMCUyMCUyMCUyMCUyMCUyMCUyMCUyMCUyMCUyMCUyMCUyMCUyMCUyMCUyMCUzQ2RpdiUyMGNsYXNzJTNEJTIyYWRtaW4tZnJtLXdycCUyMiUzRSUwQSUyMCUyMCUyMCUyMCUyMCUyMCUyMCUyMCUyMCUyMCUyMCUyMCUyMCUyMCUyMCUyMCUyMCUyMCUyMCUyMCUyMCUyMCUyMCUyMCUzQ3NwYW4lMjBjbGFzcyUzRCUyMmFkbWluLWZybS1ubWUlMjIlM0VFeHBvcnQlMjBNYW5hZ2VyJTNBJTNDJTJGc3BhbiUzRSUwQSUyMCUyMCUyMCUyMCUyMCUyMCUyMCUyMCUyMCUyMCUyMCUyMCUyMCUyMCUyMCUyMCUyMCUyMCUyMCUyMCUyMCUyMCUyMCUyMCUzQ3NwYW4lMjBjbGFzcyUzRCUyMmFkbWluLWZybS1pbnB1dCUyMiUzRUlPTkFTJTIwQVNMQU5JRElTJTNDJTJGc3BhbiUzRSUwQSUyMCUyMCUyMCUyMCUyMCUyMCUyMCUyMCUyMCUyMCUyMCUyMCUyMCUyMCUyMCUyMCUyMCUyMCUyMCUyMCUzQyUyRmRpdiUzRSUwQSUyMCUyMCUyMCUyMCUyMCUyMCUyMCUyMCUyMCUyMCUyMCUyMCUyMCUyMCUyMCUyMCUyMCUyMCUyMCUyMCUzQ2RpdiUyMGNsYXNzJTNEJTIyYWRtaW4tZnJtLXdycCUyMiUzRSUwQSUyMCUyMCUyMCUyMCUyMCUyMCUyMCUyMCUyMCUyMCUyMCUyMCUyMCUyMCUyMCUyMCUyMCUyMCUyMCUyMCUyMCUyMCUyMCUyMCUzQ3NwYW4lMjBjbGFzcyUzRCUyMmFkbWluLWZybS1ubWUlMjIlM0VTdXBwbHlpbmclMjBNYW5hZ2VyJTNBJTNDJTJGc3BhbiUzRSUwQSUyMCUyMCUyMCUyMCUyMCUyMCUyMCUyMCUyMCUyMCUyMCUyMCUyMCUyMCUyMCUyMCUyMCUyMCUyMCUyMCUyMCUyMCUyMCUyMCUzQ3NwYW4lMjBjbGFzcyUzRCUyMmFkbWluLWZybS1pbnB1dCUyMiUzRVRIRU9ET1JFJTIwRkxPUk9QT1VMT1MlM0MlMkZzcGFuJTNFJTBBJTIwJTIwJTIwJTIwJTIwJTIwJTIwJTIwJTIwJTIwJTIwJTIwJTIwJTIwJTIwJTIwJTIwJTIwJTIwJTIwJTNDJTJGZGl2JTNFJTBBJTIwJTIwJTIwJTIwJTIwJTIwJTIwJTIwJTIwJTIwJTIwJTIwJTIwJTIwJTIwJTIwJTIwJTIwJTIwJTIwJTNDZGl2JTIwY2xhc3MlM0QlMjJhZG1pbi1mcm0td3JwJTIyJTNFJTBBJTIwJTIwJTIwJTIwJTIwJTIwJTIwJTIwJTIwJTIwJTIwJTIwJTIwJTIwJTIwJTIwJTIwJTIwJTIwJTIwJTIwJTIwJTIwJTIwJTNDc3BhbiUyMGNsYXNzJTNEJTIyYWRtaW4tZnJtLW5tZSUyMiUzRUFjY291bnRpbmclMjBNYW5hZ2VyJTNBJTNDJTJGc3BhbiUzRSUwQSUyMCUyMCUyMCUyMCUyMCUyMCUyMCUyMCUyMCUyMCUyMCUyMCUyMCUyMCUyMCUyMCUyMCUyMCUyMCUyMCUyMCUyMCUyMCUyMCUzQ3NwYW4lMjBjbGFzcyUzRCUyMmFkbWluLWZybS1pbnB1dCUyMiUzRU5FS1RBUklPUyUyMFRTQUtPTkFTJTNDJTJGc3BhbiUzRSUwQSUyMCUyMCUyMCUyMCUyMCUyMCUyMCUyMCUyMCUyMCUyMCUyMCUyMCUyMCUyMCUyMCUyMCUyMCUyMCUyMCUzQyUyRmRpdiUzRSUwQSUyMCUyMCUyMCUyMCUyMCUyMCUyMCUyMCUyMCUyMCUyMCUyMCUyMCUyMCUyMCUyMCUzQyUyRmRpdiUzRSUwQSUyMCUyMCUyMCUyMCUyMCUyMCUyMCUyMCUyMCUyMCUyMCUyMCUzQyUyRmRpdiUzRSUwQSUyMCUyMCUyMCUyMCUyMCUyMCUyMCUyMCUzQyUyRmRpdiUzRQ==[\/vc_raw_html][\/vc_tab][\/vc_tour][\/vc_column][\/vc_row]<\/p>\n<\/div>","protected":false},"excerpt":{"rendered":"<p>[vc_row][vc_column][vc_column_text] D\u00e9sol\u00e9, cet article est seulement disponible en Anglais Am\u00e9ricain, Grec et Allemand. Pour le confort de l\u2019utilisateur, le contenu est affich\u00e9 ci-dessous dans la langue par d\u00e9faut du site. Vous pouvez cliquer l\u2019un des liens pour changer la langue du site en une autre langue disponible. [\/vc_column_text][\/vc_column][\/vc_row][vc_row][vc_column][vc_tour interval=\u00a0\u00bb0&Prime; title=\u00a0\u00bbCOMPANY\u00a0\u00bb el_class=\u00a0\u00bbadmin-tabss\u00a0\u00bb][vc_tab title=\u00a0\u00bbHISTORY\u00a0\u00bb tab_id=\u00a0\u00bb3b5919ff-083b-5&Prime;][vc_column_text el_class=\u00a0\u00bbhistroy-txt-block\u00a0\u00bb]ASTIR a&hellip;<\/p>\n","protected":false},"author":1,"featured_media":0,"parent":0,"menu_order":0,"comment_status":"closed","ping_status":"closed","template":"template-inner.php","meta":{"footnotes":""},"class_list":["post-2009","page","type-page","status-publish","hentry","description-off"],"_links":{"self":[{"href":"https:\/\/astir.com.gr\/fr\/wp-json\/wp\/v2\/pages\/2009","targetHints":{"allow":["GET"]}}],"collection":[{"href":"https:\/\/astir.com.gr\/fr\/wp-json\/wp\/v2\/pages"}],"about":[{"href":"https:\/\/astir.com.gr\/fr\/wp-json\/wp\/v2\/types\/page"}],"author":[{"embeddable":true,"href":"https:\/\/astir.com.gr\/fr\/wp-json\/wp\/v2\/users\/1"}],"replies":[{"embeddable":true,"href":"https:\/\/astir.com.gr\/fr\/wp-json\/wp\/v2\/comments?post=2009"}],"version-history":[{"count":52,"href":"https:\/\/astir.com.gr\/fr\/wp-json\/wp\/v2\/pages\/2009\/revisions"}],"predecessor-version":[{"id":3427,"href":"https:\/\/astir.com.gr\/fr\/wp-json\/wp\/v2\/pages\/2009\/revisions\/3427"}],"wp:attachment":[{"href":"https:\/\/astir.com.gr\/fr\/wp-json\/wp\/v2\/media?parent=2009"}],"curies":[{"name":"wp","href":"https:\/\/api.w.org\/{rel}","templated":true}]}}