{"id":2009,"date":"2017-02-01T09:11:19","date_gmt":"2017-02-01T09:11:19","guid":{"rendered":"http:\/\/astir.com.gr\/?page_id=2009"},"modified":"2019-01-20T05:06:50","modified_gmt":"2019-01-20T05:06:50","slug":"company","status":"publish","type":"page","link":"https:\/\/astir.com.gr\/de\/company\/","title":{"rendered":"UNTERNEHMEN"},"content":{"rendered":"<div class=\"wpb-content-wrapper\"><p>[vc_row][vc_column][vc_tour interval=&#8220;0&#8243; title=&#8220;UNTERNEHMEN&#8220; el_class=&#8220;admin-tabss&#8220;][vc_tab title=&#8220;GESCHICHTE&#8220; tab_id=&#8220;3b5919ff-083b-5&#8243;][vc_column_text el_class=&#8220;histroy-txt-block&#8220;]ASTIR wurde 1933 als kleiner Handwerksbetrieb gegr\u00fcndet.<\/p>\n<p>1954 begannen Constantinos und Louis Constantinidis, die S\u00f6hne des Gr\u00fcnders Andreas Constantinidis, mit dem Bau neuer Anlagen am Tsakalof St. Tavros in Athen, wo die Fabrik noch heute untergebracht ist.<\/p>\n<p>1956 wurde das Unternehmen in die neuen R\u00e4umlichkeiten verlegt und die neue \u00c4ra von ASTIR begann.<\/p>\n<p>1993 setzte die dritte Generation der Eigent\u00fcmer, Anastasios Constantinidis und Panagiotis Aslanidis, das Wachstum des Werksgel\u00e4ndes fort und verdoppelte seine Fl\u00e4che durch die Verbindung des Altbaus mit einem Nachbargeb\u00e4ude. Die neuen Anlagen sorgten f\u00fcr ausreichende eigene Lagerfl\u00e4chen und mehr Raum f\u00fcr Produktionswachstum.<\/p>\n<p>Im Jahr 2003 wurde die Rechtsform von ASTIR von privat auf \u00f6ffentlich ge\u00e4ndert.<\/p>\n<p>Das Unternehmen ist immer noch in Familienbesitz, aber es denkt, w\u00e4chst und entwickelt sich zu einem multinationalen Unternehmen.[\/vc_column_text][vc_row_inner el_class=&#8220;hi-imges&#8220;][vc_column_inner width=&#8220;1\/3&#8243;]<style type=\"text\/css\" data-type=\"the7_shortcodes-inline-css\">.shortcode-single-image-wrap.shortcode-single-image-623fc78f94e68995ce7733a050bf46a0.enable-bg-rollover .rollover i,\n.shortcode-single-image-wrap.shortcode-single-image-623fc78f94e68995ce7733a050bf46a0.enable-bg-rollover .rollover-video i {\n  background: -webkit-linear-gradient();\n  background: linear-gradient();\n}\n.shortcode-single-image-wrap.shortcode-single-image-623fc78f94e68995ce7733a050bf46a0 .rollover-icon {\n  font-size: 32px;\n  color: #ffffff;\n  min-width: 44px;\n  min-height: 44px;\n  line-height: 44px;\n  border-radius: 100px;\n  border-style: solid;\n  border-width: 0px;\n}\n.dt-icon-bg-on.shortcode-single-image-wrap.shortcode-single-image-623fc78f94e68995ce7733a050bf46a0 .rollover-icon {\n  background: rgba(255,255,255,0.3);\n  box-shadow: none;\n}<\/style><div class=\"shortcode-single-image-wrap shortcode-single-image-623fc78f94e68995ce7733a050bf46a0 alignnone  vc_custom_1489054074333 enable-bg-rollover dt-icon-bg-off\" ><div class=\"shortcode-single-image histroy_img\"><div class=\"fancy-media-wrap\" style=\"\"><a class=\"layzr-bg rollover rollover-zoom dt-pswp-item pswp-image\" href=\"https:\/\/astir.com.gr\/wp-content\/uploads\/2017\/02\/Photo-01.jpg\" title=\"Photo 01\" data-dt-img-description=\"\" data-large_image_width=\"2783\" data-large_image_height = \"2151\"  style=\"\"><img fetchpriority=\"high\" decoding=\"async\" class=\"preload-me lazy-load aspect\" src=\"data:image\/svg+xml,%3Csvg%20xmlns%3D&#39;http%3A%2F%2Fwww.w3.org%2F2000%2Fsvg&#39;%20viewBox%3D&#39;0%200%20800%20618&#39;%2F%3E\" data-src=\"https:\/\/astir.com.gr\/wp-content\/uploads\/2017\/02\/Photo-01-800x618.jpg\" data-srcset=\"https:\/\/astir.com.gr\/wp-content\/uploads\/2017\/02\/Photo-01-800x618.jpg 800w, https:\/\/astir.com.gr\/wp-content\/uploads\/2017\/02\/Photo-01-1600x1236.jpg 1600w\" loading=\"eager\" style=\"--ratio: 800 \/ 618\" sizes=\"(max-width: 800px) 100vw, 800px\" width=\"800\" height=\"618\"  data-dt-location=\"https:\/\/astir.com.gr\/de\/company\/photo-01\/\" alt=\"\" \/><\/a><\/div><\/div><\/div>[\/vc_column_inner][vc_column_inner width=&#8220;1\/3&#8243;]<style type=\"text\/css\" data-type=\"the7_shortcodes-inline-css\">.shortcode-single-image-wrap.shortcode-single-image-bfe54281b56b9784d4d252cca0ce0648.enable-bg-rollover .rollover i,\n.shortcode-single-image-wrap.shortcode-single-image-bfe54281b56b9784d4d252cca0ce0648.enable-bg-rollover .rollover-video i {\n  background: -webkit-linear-gradient();\n  background: linear-gradient();\n}\n.shortcode-single-image-wrap.shortcode-single-image-bfe54281b56b9784d4d252cca0ce0648 .rollover-icon {\n  font-size: 32px;\n  color: #ffffff;\n  min-width: 44px;\n  min-height: 44px;\n  line-height: 44px;\n  border-radius: 100px;\n  border-style: solid;\n  border-width: 0px;\n}\n.dt-icon-bg-on.shortcode-single-image-wrap.shortcode-single-image-bfe54281b56b9784d4d252cca0ce0648 .rollover-icon {\n  background: rgba(255,255,255,0.3);\n  box-shadow: none;\n}<\/style><div class=\"shortcode-single-image-wrap shortcode-single-image-bfe54281b56b9784d4d252cca0ce0648 alignnone  enable-bg-rollover dt-icon-bg-off\" style=\"margin-top:0px; margin-bottom:0px; margin-left:0px; margin-right:0px; width:800px;\"><div class=\"shortcode-single-image histroy_img-2\"><div class=\"fancy-media-wrap\" style=\"\"><a class=\"layzr-bg rollover rollover-zoom dt-pswp-item pswp-image\" href=\"https:\/\/astir.com.gr\/wp-content\/uploads\/2017\/02\/Photo-02.jpg\" title=\"Photo 02\" data-dt-img-description=\"\" data-large_image_width=\"2822\" data-large_image_height = \"2158\"  style=\"\"><img decoding=\"async\" class=\"preload-me lazy-load aspect\" src=\"data:image\/svg+xml,%3Csvg%20xmlns%3D&#39;http%3A%2F%2Fwww.w3.org%2F2000%2Fsvg&#39;%20viewBox%3D&#39;0%200%20800%20611&#39;%2F%3E\" data-src=\"https:\/\/astir.com.gr\/wp-content\/uploads\/2017\/02\/Photo-02-800x611.jpg\" data-srcset=\"https:\/\/astir.com.gr\/wp-content\/uploads\/2017\/02\/Photo-02-800x611.jpg 800w, https:\/\/astir.com.gr\/wp-content\/uploads\/2017\/02\/Photo-02-1600x1222.jpg 1600w\" loading=\"eager\" style=\"--ratio: 800 \/ 611\" sizes=\"(max-width: 800px) 100vw, 800px\" width=\"800\" height=\"611\"  data-dt-location=\"https:\/\/astir.com.gr\/de\/company\/photo-02\/\" alt=\"\" \/><\/a><\/div><\/div><\/div>[\/vc_column_inner][vc_column_inner width=&#8220;1\/3&#8243;]<style type=\"text\/css\" data-type=\"the7_shortcodes-inline-css\">.shortcode-single-image-wrap.shortcode-single-image-91436aa958cf02cc59da5dc48d737b68.enable-bg-rollover .rollover i,\n.shortcode-single-image-wrap.shortcode-single-image-91436aa958cf02cc59da5dc48d737b68.enable-bg-rollover .rollover-video i {\n  background: -webkit-linear-gradient();\n  background: linear-gradient();\n}\n.shortcode-single-image-wrap.shortcode-single-image-91436aa958cf02cc59da5dc48d737b68 .rollover-icon {\n  font-size: 32px;\n  color: #ffffff;\n  min-width: 44px;\n  min-height: 44px;\n  line-height: 44px;\n  border-radius: 100px;\n  border-style: solid;\n  border-width: 0px;\n}\n.dt-icon-bg-on.shortcode-single-image-wrap.shortcode-single-image-91436aa958cf02cc59da5dc48d737b68 .rollover-icon {\n  background: rgba(255,255,255,0.3);\n  box-shadow: none;\n}<\/style><div class=\"shortcode-single-image-wrap shortcode-single-image-91436aa958cf02cc59da5dc48d737b68 alignnone  enable-bg-rollover dt-icon-bg-off\" style=\"margin-top:0px; margin-bottom:0px; margin-left:0px; margin-right:0px; width:800px;\"><div class=\"shortcode-single-image histroy_img-2\"><div class=\"fancy-media-wrap\" style=\"\"><a class=\"layzr-bg rollover rollover-zoom dt-pswp-item pswp-image\" href=\"https:\/\/astir.com.gr\/wp-content\/uploads\/2017\/02\/Photo-03.jpg\" title=\"Photo 03\" data-dt-img-description=\"\" data-large_image_width=\"3426\" data-large_image_height = \"2550\"  style=\"\"><img decoding=\"async\" class=\"preload-me lazy-load aspect\" src=\"data:image\/svg+xml,%3Csvg%20xmlns%3D&#39;http%3A%2F%2Fwww.w3.org%2F2000%2Fsvg&#39;%20viewBox%3D&#39;0%200%20800%20595&#39;%2F%3E\" data-src=\"https:\/\/astir.com.gr\/wp-content\/uploads\/2017\/02\/Photo-03-800x595.jpg\" data-srcset=\"https:\/\/astir.com.gr\/wp-content\/uploads\/2017\/02\/Photo-03-800x595.jpg 800w, https:\/\/astir.com.gr\/wp-content\/uploads\/2017\/02\/Photo-03-1600x1190.jpg 1600w\" loading=\"eager\" style=\"--ratio: 800 \/ 595\" sizes=\"(max-width: 800px) 100vw, 800px\" width=\"800\" height=\"595\"  data-dt-location=\"https:\/\/astir.com.gr\/de\/company\/photo-03\/\" alt=\"\" \/><\/a><\/div><\/div><\/div>[\/vc_column_inner][\/vc_row_inner][\/vc_tab][vc_tab title=&#8220;PRODUKTE UND QUALIT\u00c4T&#8220; tab_id=&#8220;1486020002672-2-4&#8243;][vc_column_text]ASTIR Schokoladenfabrik ist eine moderne Fertigungsst\u00e4tte, die technologisch fortschrittliche Maschinen mit traditionellen Rezepturen und klassischen Produktionsverfahren kombiniert. Klassische Produkte werden nach dem gleichen Verfahren hergestellt, wie sie vor einigen Jahrzehnten auf dem griechischen Markt eingef\u00fchrt wurden. Aber in der gleichen Fabrik werden neue moderne und originelle Produkte und Produktionsverfahren entwickelt.<\/p>\n<p>Um die hohe Qualit\u00e4t der ASTIR-Produkte zu gew\u00e4hrleisten, werden zwei wichtige Verfahren angewendet.<\/p>\n<p>Ein 8-stufiger Qualit\u00e4tskontrollprozess mit Gewichts- und Geschmackskontrolle, Fremdk\u00f6rper- und Metalldetektion, Verpackung und Etikettierung wird auf alle Produkte angewendet.<\/p>\n<p>Eine sorgf\u00e4ltige Auswahl der Rohstoffe (und Lieferanten). Beispielsweise verwendet ASTIR nur gentechnikfreies Sojalecithin und alle verwendeten Milchsorten stammen aus gro\u00dfen europ\u00e4ischen Fabriken mit g\u00fcltigen Qualit\u00e4tszertifikaten (frei von BSE oder einem anderen Krankheitsbildern).<\/p>\n<p>Schlie\u00dflich ist es wichtig festzustellen, dass ASTIR von Anfang an Schokolade herstellt, und zwar aus der Verarbeitung von Kakaobohnen und nicht aus zugekauftem Kakao. Auf diese Weise hat ASTIR die volle Kontrolle \u00fcber die Qualit\u00e4t der hergestellten Schokolade und kann den Standard und die hohe Qualit\u00e4t aller seiner Produkte sicherstellen.<\/p>\n<p>* Marktforschung von AC NIELSEN f\u00fcr Ostern 2003.[\/vc_column_text][vc_row_inner el_class=&#8220;hi-imges&#8220;][vc_column_inner width=&#8220;1\/3&#8243;]<style type=\"text\/css\" data-type=\"the7_shortcodes-inline-css\">.shortcode-single-image-wrap.shortcode-single-image-623fc78f94e68995ce7733a050bf46a0.enable-bg-rollover .rollover i,\n.shortcode-single-image-wrap.shortcode-single-image-623fc78f94e68995ce7733a050bf46a0.enable-bg-rollover .rollover-video i {\n  background: -webkit-linear-gradient();\n  background: linear-gradient();\n}\n.shortcode-single-image-wrap.shortcode-single-image-623fc78f94e68995ce7733a050bf46a0 .rollover-icon {\n  font-size: 32px;\n  color: #ffffff;\n  min-width: 44px;\n  min-height: 44px;\n  line-height: 44px;\n  border-radius: 100px;\n  border-style: solid;\n  border-width: 0px;\n}\n.dt-icon-bg-on.shortcode-single-image-wrap.shortcode-single-image-623fc78f94e68995ce7733a050bf46a0 .rollover-icon {\n  background: rgba(255,255,255,0.3);\n  box-shadow: none;\n}<\/style><div class=\"shortcode-single-image-wrap shortcode-single-image-623fc78f94e68995ce7733a050bf46a0 alignnone  vc_custom_1489054074333 enable-bg-rollover dt-icon-bg-off\" ><div class=\"shortcode-single-image histroy_img\"><div class=\"fancy-media-wrap\" style=\"\"><a class=\"layzr-bg rollover rollover-zoom dt-pswp-item pswp-image\" href=\"https:\/\/astir.com.gr\/wp-content\/uploads\/2017\/02\/Photo-01.jpg\" title=\"Photo 01\" data-dt-img-description=\"\" data-large_image_width=\"2783\" data-large_image_height = \"2151\"  style=\"\"><img fetchpriority=\"high\" decoding=\"async\" class=\"preload-me lazy-load aspect\" src=\"data:image\/svg+xml,%3Csvg%20xmlns%3D&#39;http%3A%2F%2Fwww.w3.org%2F2000%2Fsvg&#39;%20viewBox%3D&#39;0%200%20800%20618&#39;%2F%3E\" data-src=\"https:\/\/astir.com.gr\/wp-content\/uploads\/2017\/02\/Photo-01-800x618.jpg\" data-srcset=\"https:\/\/astir.com.gr\/wp-content\/uploads\/2017\/02\/Photo-01-800x618.jpg 800w, https:\/\/astir.com.gr\/wp-content\/uploads\/2017\/02\/Photo-01-1600x1236.jpg 1600w\" loading=\"eager\" style=\"--ratio: 800 \/ 618\" sizes=\"(max-width: 800px) 100vw, 800px\" width=\"800\" height=\"618\"  data-dt-location=\"https:\/\/astir.com.gr\/de\/company\/photo-01\/\" alt=\"\" \/><\/a><\/div><\/div><\/div>[\/vc_column_inner][vc_column_inner width=&#8220;1\/3&#8243;]<style type=\"text\/css\" data-type=\"the7_shortcodes-inline-css\">.shortcode-single-image-wrap.shortcode-single-image-bfe54281b56b9784d4d252cca0ce0648.enable-bg-rollover .rollover i,\n.shortcode-single-image-wrap.shortcode-single-image-bfe54281b56b9784d4d252cca0ce0648.enable-bg-rollover .rollover-video i {\n  background: -webkit-linear-gradient();\n  background: linear-gradient();\n}\n.shortcode-single-image-wrap.shortcode-single-image-bfe54281b56b9784d4d252cca0ce0648 .rollover-icon {\n  font-size: 32px;\n  color: #ffffff;\n  min-width: 44px;\n  min-height: 44px;\n  line-height: 44px;\n  border-radius: 100px;\n  border-style: solid;\n  border-width: 0px;\n}\n.dt-icon-bg-on.shortcode-single-image-wrap.shortcode-single-image-bfe54281b56b9784d4d252cca0ce0648 .rollover-icon {\n  background: rgba(255,255,255,0.3);\n  box-shadow: none;\n}<\/style><div class=\"shortcode-single-image-wrap shortcode-single-image-bfe54281b56b9784d4d252cca0ce0648 alignnone  enable-bg-rollover dt-icon-bg-off\" style=\"margin-top:0px; margin-bottom:0px; margin-left:0px; margin-right:0px; width:800px;\"><div class=\"shortcode-single-image histroy_img-2\"><div class=\"fancy-media-wrap\" style=\"\"><a class=\"layzr-bg rollover rollover-zoom dt-pswp-item pswp-image\" href=\"https:\/\/astir.com.gr\/wp-content\/uploads\/2017\/02\/Photo-02.jpg\" title=\"Photo 02\" data-dt-img-description=\"\" data-large_image_width=\"2822\" data-large_image_height = \"2158\"  style=\"\"><img decoding=\"async\" class=\"preload-me lazy-load aspect\" src=\"data:image\/svg+xml,%3Csvg%20xmlns%3D&#39;http%3A%2F%2Fwww.w3.org%2F2000%2Fsvg&#39;%20viewBox%3D&#39;0%200%20800%20611&#39;%2F%3E\" data-src=\"https:\/\/astir.com.gr\/wp-content\/uploads\/2017\/02\/Photo-02-800x611.jpg\" data-srcset=\"https:\/\/astir.com.gr\/wp-content\/uploads\/2017\/02\/Photo-02-800x611.jpg 800w, https:\/\/astir.com.gr\/wp-content\/uploads\/2017\/02\/Photo-02-1600x1222.jpg 1600w\" loading=\"eager\" style=\"--ratio: 800 \/ 611\" sizes=\"(max-width: 800px) 100vw, 800px\" width=\"800\" height=\"611\"  data-dt-location=\"https:\/\/astir.com.gr\/de\/company\/photo-02\/\" alt=\"\" \/><\/a><\/div><\/div><\/div>[\/vc_column_inner][vc_column_inner width=&#8220;1\/3&#8243;]<style type=\"text\/css\" data-type=\"the7_shortcodes-inline-css\">.shortcode-single-image-wrap.shortcode-single-image-91436aa958cf02cc59da5dc48d737b68.enable-bg-rollover .rollover i,\n.shortcode-single-image-wrap.shortcode-single-image-91436aa958cf02cc59da5dc48d737b68.enable-bg-rollover .rollover-video i {\n  background: -webkit-linear-gradient();\n  background: linear-gradient();\n}\n.shortcode-single-image-wrap.shortcode-single-image-91436aa958cf02cc59da5dc48d737b68 .rollover-icon {\n  font-size: 32px;\n  color: #ffffff;\n  min-width: 44px;\n  min-height: 44px;\n  line-height: 44px;\n  border-radius: 100px;\n  border-style: solid;\n  border-width: 0px;\n}\n.dt-icon-bg-on.shortcode-single-image-wrap.shortcode-single-image-91436aa958cf02cc59da5dc48d737b68 .rollover-icon {\n  background: rgba(255,255,255,0.3);\n  box-shadow: none;\n}<\/style><div class=\"shortcode-single-image-wrap shortcode-single-image-91436aa958cf02cc59da5dc48d737b68 alignnone  enable-bg-rollover dt-icon-bg-off\" style=\"margin-top:0px; margin-bottom:0px; margin-left:0px; margin-right:0px; width:800px;\"><div class=\"shortcode-single-image histroy_img-2\"><div class=\"fancy-media-wrap\" style=\"\"><a class=\"layzr-bg rollover rollover-zoom dt-pswp-item pswp-image\" href=\"https:\/\/astir.com.gr\/wp-content\/uploads\/2017\/02\/Photo-03.jpg\" title=\"Photo 03\" data-dt-img-description=\"\" data-large_image_width=\"3426\" data-large_image_height = \"2550\"  style=\"\"><img decoding=\"async\" class=\"preload-me lazy-load aspect\" src=\"data:image\/svg+xml,%3Csvg%20xmlns%3D&#39;http%3A%2F%2Fwww.w3.org%2F2000%2Fsvg&#39;%20viewBox%3D&#39;0%200%20800%20595&#39;%2F%3E\" data-src=\"https:\/\/astir.com.gr\/wp-content\/uploads\/2017\/02\/Photo-03-800x595.jpg\" data-srcset=\"https:\/\/astir.com.gr\/wp-content\/uploads\/2017\/02\/Photo-03-800x595.jpg 800w, https:\/\/astir.com.gr\/wp-content\/uploads\/2017\/02\/Photo-03-1600x1190.jpg 1600w\" loading=\"eager\" style=\"--ratio: 800 \/ 595\" sizes=\"(max-width: 800px) 100vw, 800px\" width=\"800\" height=\"595\"  data-dt-location=\"https:\/\/astir.com.gr\/de\/company\/photo-03\/\" alt=\"\" \/><\/a><\/div><\/div><\/div>[\/vc_column_inner][\/vc_row_inner][\/vc_tab][vc_tab title=&#8220;VERWALTUNG&#8220; tab_id=&#8220;1486024242852-3-8&#8243;][vc_raw_html]JTIwJTIwJTIwJTIwJTNDZGl2JTIwY2xhc3MlM0QlMjJsaXN0LXJpZ2h0LXdycCUyMiUzRSUyMCUyMCUyMCUyMCUyMCUyMCUyMCUyMCUyMCUyMCUyMCUwQSUyMCUyMCUyMCUyMCUyMCUyMCUyMCUyMCUyMCUyMCUyMCUyMCUzQ2RpdiUyMGNsYXNzJTNEJTIydmNfY29sLW1kLTEyJTIwbm9fcGQlMjIlM0UlMEElMjAlMjAlMjAlMjAlMjAlMjAlMjAlMjAlMjAlMjAlMjAlMjAlMjAlMjAlMjAlMjAlM0NkaXYlMjBjbGFzcyUzRCUyMmFkbWluLWZybSUyMiUzRSUwQSUyMCUyMCUyMCUyMCUyMCUyMCUyMCUyMCUyMCUyMCUyMCUyMCUyMCUyMCUyMCUyMCUyMCUyMCUyMCUyMCUzQ2RpdiUyMGNsYXNzJTNEJTIyYWRtaW4tZnJtLXdycCUyMiUzRSUwQSUyMCUyMCUyMCUyMCUyMCUyMCUyMCUyMCUyMCUyMCUyMCUyMCUyMCUyMCUyMCUyMCUyMCUyMCUyMCUyMCUyMCUyMCUyMCUyMCUzQ3NwYW4lMjBjbGFzcyUzRCUyMmFkbWluLWZybS1ubWUlMjIlM0VQciVDMyVBNHNpZGVudCUzQSUzQyUyRnNwYW4lM0UlMjAlMjAlMEElMjAlMjAlMjAlMjAlMjAlMjAlMjAlMjAlMjAlMjAlMjAlMjAlMjAlMjAlMjAlMjAlMjAlMjAlMjAlMjAlMjAlMjAlMjAlMjAlM0NzcGFuJTIwY2xhc3MlM0QlMjJhZG1pbi1mcm0taW5wdXQlMjIlM0VQQU5BR0lPVElTJTIwQVNMQU5JRElTJTNDJTJGc3BhbiUzRSUwQSUyMCUyMCUyMCUyMCUyMCUyMCUyMCUyMCUyMCUyMCUyMCUyMCUyMCUyMCUyMCUyMCUyMCUyMCUyMCUyMCUzQyUyRmRpdiUzRSUwQSUyMCUyMCUyMCUyMCUyMCUyMCUyMCUyMCUyMCUyMCUyMCUyMCUyMCUyMCUyMCUyMCUyMCUyMCUyMCUyMCUzQ2RpdiUyMGNsYXNzJTNEJTIyYWRtaW4tZnJtLXdycCUyMiUzRSUwQSUyMCUyMCUyMCUyMCUyMCUyMCUyMCUyMCUyMCUyMCUyMCUyMCUyMCUyMCUyMCUyMCUyMCUyMCUyMCUyMCUyMCUyMCUyMCUyMCUzQ3NwYW4lMjBjbGFzcyUzRCUyMmFkbWluLWZybS1ubWUlMjIlM0VHZXNjaCVDMyVBNGZ0c2YlQzMlQkNocmVyJTNBJTNDJTJGc3BhbiUzRSUwQSUyMCUyMCUyMCUyMCUyMCUyMCUyMCUyMCUyMCUyMCUyMCUyMCUyMCUyMCUyMCUyMCUyMCUyMCUyMCUyMCUyMCUyMCUyMCUyMCUzQ3NwYW4lMjBjbGFzcyUzRCUyMmFkbWluLWZybS1pbnB1dCUyMiUzRUFOQVNUQVNTSU9TJTIwQ09OU1RBTlRJTklESVMlM0MlMkZzcGFuJTNFJTBBJTIwJTIwJTIwJTIwJTIwJTIwJTIwJTIwJTIwJTIwJTIwJTIwJTIwJTIwJTIwJTIwJTIwJTIwJTIwJTIwJTNDJTJGZGl2JTNFJTBBJTIwJTIwJTIwJTIwJTIwJTIwJTIwJTIwJTIwJTIwJTIwJTIwJTIwJTIwJTIwJTIwJTIwJTIwJTIwJTIwJTNDZGl2JTIwY2xhc3MlM0QlMjJhZG1pbi1mcm0td3JwJTIyJTNFJTBBJTIwJTIwJTIwJTIwJTIwJTIwJTIwJTIwJTIwJTIwJTIwJTIwJTIwJTIwJTIwJTIwJTIwJTIwJTIwJTIwJTIwJTIwJTIwJTIwJTNDc3BhbiUyMGNsYXNzJTNEJTIyYWRtaW4tZnJtLW5tZSUyMiUzRVByb2R1a3Rpb25zbGVpdGVyJTNBJTNDJTJGc3BhbiUzRSUwQSUyMCUyMCUyMCUyMCUyMCUyMCUyMCUyMCUyMCUyMCUyMCUyMCUyMCUyMCUyMCUyMCUyMCUyMCUyMCUyMCUyMCUyMCUyMCUyMCUzQ3NwYW4lMjBjbGFzcyUzRCUyMmFkbWluLWZybS1pbnB1dCUyMiUzRVlJQU5OSVMlMjBQQU5BWUlPVEFLSVMlM0MlMkZzcGFuJTNFJTBBJTIwJTIwJTIwJTIwJTIwJTIwJTIwJTIwJTIwJTIwJTIwJTIwJTIwJTIwJTIwJTIwJTIwJTIwJTIwJTIwJTNDJTJGZGl2JTNFJTBBJTIwJTIwJTIwJTIwJTIwJTIwJTIwJTIwJTIwJTIwJTIwJTIwJTIwJTIwJTIwJTIwJTIwJTIwJTIwJTIwJTNDZGl2JTIwY2xhc3MlM0QlMjJhZG1pbi1mcm0td3JwJTIyJTNFJTBBJTIwJTIwJTIwJTIwJTIwJTIwJTIwJTIwJTIwJTIwJTIwJTIwJTIwJTIwJTIwJTIwJTIwJTIwJTIwJTIwJTIwJTIwJTIwJTIwJTNDc3BhbiUyMGNsYXNzJTNEJTIyYWRtaW4tZnJtLW5tZSUyMiUzRUxlaXRlciUyMEV4cG9ydCUzQSUzQyUyRnNwYW4lM0UlMEElMjAlMjAlMjAlMjAlMjAlMjAlMjAlMjAlMjAlMjAlMjAlMjAlMjAlMjAlMjAlMjAlMjAlMjAlMjAlMjAlMjAlMjAlMjAlMjAlM0NzcGFuJTIwY2xhc3MlM0QlMjJhZG1pbi1mcm0taW5wdXQlMjIlM0VJT05BUyUyMEFTTEFOSURJUyUzQyUyRnNwYW4lM0UlMEElMjAlMjAlMjAlMjAlMjAlMjAlMjAlMjAlMjAlMjAlMjAlMjAlMjAlMjAlMjAlMjAlMjAlMjAlMjAlMjAlM0MlMkZkaXYlM0UlMEElMjAlMjAlMjAlMjAlMjAlMjAlMjAlMjAlMjAlMjAlMjAlMjAlMjAlMjAlMjAlMjAlMjAlMjAlMjAlMjAlM0NkaXYlMjBjbGFzcyUzRCUyMmFkbWluLWZybS13cnAlMjIlM0UlMEElMjAlMjAlMjAlMjAlMjAlMjAlMjAlMjAlMjAlMjAlMjAlMjAlMjAlMjAlMjAlMjAlMjAlMjAlMjAlMjAlMjAlMjAlMjAlMjAlM0NzcGFuJTIwY2xhc3MlM0QlMjJhZG1pbi1mcm0tbm1lJTIyJTNFRWlua2F1ZnNsZWl0ZXIlM0ElM0MlMkZzcGFuJTNFJTBBJTIwJTIwJTIwJTIwJTIwJTIwJTIwJTIwJTIwJTIwJTIwJTIwJTIwJTIwJTIwJTIwJTIwJTIwJTIwJTIwJTIwJTIwJTIwJTIwJTNDc3BhbiUyMGNsYXNzJTNEJTIyYWRtaW4tZnJtLWlucHV0JTIyJTNFVEhFT0RPUkUlMjBGTE9ST1BPVUxPUyUzQyUyRnNwYW4lM0UlMEElMjAlMjAlMjAlMjAlMjAlMjAlMjAlMjAlMjAlMjAlMjAlMjAlMjAlMjAlMjAlMjAlMjAlMjAlMjAlMjAlM0MlMkZkaXYlM0UlMEElMjAlMjAlMjAlMjAlMjAlMjAlMjAlMjAlMjAlMjAlMjAlMjAlMjAlMjAlMjAlMjAlMjAlMjAlMjAlMjAlM0NkaXYlMjBjbGFzcyUzRCUyMmFkbWluLWZybS13cnAlMjIlM0UlMEElMjAlMjAlMjAlMjAlMjAlMjAlMjAlMjAlMjAlMjAlMjAlMjAlMjAlMjAlMjAlMjAlMjAlMjAlMjAlMjAlMjAlMjAlMjAlMjAlM0NzcGFuJTIwY2xhc3MlM0QlMjJhZG1pbi1mcm0tbm1lJTIyJTNFTGVpdGVyJTIwZGVyJTIwQnVjaGhhbHR1bmclM0ElM0MlMkZzcGFuJTNFJTBBJTIwJTIwJTIwJTIwJTIwJTIwJTIwJTIwJTIwJTIwJTIwJTIwJTIwJTIwJTIwJTIwJTIwJTIwJTIwJTIwJTIwJTIwJTIwJTIwJTNDc3BhbiUyMGNsYXNzJTNEJTIyYWRtaW4tZnJtLWlucHV0JTIyJTNFTkVLVEFSSU9TJTIwVFNBS09OQVMlM0MlMkZzcGFuJTNFJTBBJTIwJTIwJTIwJTIwJTIwJTIwJTIwJTIwJTIwJTIwJTIwJTIwJTIwJTIwJTIwJTIwJTIwJTIwJTIwJTIwJTNDJTJGZGl2JTNFJTBBJTIwJTIwJTIwJTIwJTIwJTIwJTIwJTIwJTIwJTIwJTIwJTIwJTIwJTIwJTIwJTIwJTNDJTJGZGl2JTNFJTBBJTIwJTIwJTIwJTIwJTIwJTIwJTIwJTIwJTIwJTIwJTIwJTIwJTNDJTJGZGl2JTNFJTBBJTIwJTIwJTIwJTIwJTIwJTIwJTIwJTIwJTNDJTJGZGl2JTNF[\/vc_raw_html][\/vc_tab][\/vc_tour][\/vc_column][\/vc_row]<\/p>\n<\/div>","protected":false},"excerpt":{"rendered":"<p>[vc_row][vc_column][vc_tour interval=&#8220;0&#8243; title=&#8220;UNTERNEHMEN&#8220; el_class=&#8220;admin-tabss&#8220;][vc_tab title=&#8220;GESCHICHTE&#8220; tab_id=&#8220;3b5919ff-083b-5&#8243;][vc_column_text el_class=&#8220;histroy-txt-block&#8220;]ASTIR wurde 1933 als kleiner Handwerksbetrieb gegr\u00fcndet. 1954 begannen Constantinos und Louis Constantinidis, die S\u00f6hne des Gr\u00fcnders Andreas Constantinidis, mit dem Bau neuer Anlagen am Tsakalof St. Tavros in Athen, wo die Fabrik noch heute untergebracht ist. 1956 wurde das Unternehmen in die neuen R\u00e4umlichkeiten verlegt und die neue&hellip;<\/p>\n","protected":false},"author":1,"featured_media":0,"parent":0,"menu_order":0,"comment_status":"closed","ping_status":"closed","template":"template-inner.php","meta":{"footnotes":""},"class_list":["post-2009","page","type-page","status-publish","hentry","description-off"],"_links":{"self":[{"href":"https:\/\/astir.com.gr\/de\/wp-json\/wp\/v2\/pages\/2009","targetHints":{"allow":["GET"]}}],"collection":[{"href":"https:\/\/astir.com.gr\/de\/wp-json\/wp\/v2\/pages"}],"about":[{"href":"https:\/\/astir.com.gr\/de\/wp-json\/wp\/v2\/types\/page"}],"author":[{"embeddable":true,"href":"https:\/\/astir.com.gr\/de\/wp-json\/wp\/v2\/users\/1"}],"replies":[{"embeddable":true,"href":"https:\/\/astir.com.gr\/de\/wp-json\/wp\/v2\/comments?post=2009"}],"version-history":[{"count":52,"href":"https:\/\/astir.com.gr\/de\/wp-json\/wp\/v2\/pages\/2009\/revisions"}],"predecessor-version":[{"id":3427,"href":"https:\/\/astir.com.gr\/de\/wp-json\/wp\/v2\/pages\/2009\/revisions\/3427"}],"wp:attachment":[{"href":"https:\/\/astir.com.gr\/de\/wp-json\/wp\/v2\/media?parent=2009"}],"curies":[{"name":"wp","href":"https:\/\/api.w.org\/{rel}","templated":true}]}}